{"id":6933,"date":"2015-12-15T07:37:48","date_gmt":"2015-12-15T07:37:48","guid":{"rendered":"http:\/\/consulting.stylemixthemes.com\/demo\/?page_id=11"},"modified":"2023-01-03T21:25:15","modified_gmt":"2023-01-03T18:25:15","slug":"kimlerle-calistik","status":"publish","type":"page","link":"https:\/\/www.atamancatering.com\/index.php\/kimlerle-calistik\/","title":{"rendered":"Kimlerle \u00c7al\u0131\u015ft\u0131k"},"content":{"rendered":"<p>[vc_row][vc_column][stm_spacing lg_spacing=&#8221;50&#8243; md_spacing=&#8221;50&#8243; sm_spacing=&#8221;30&#8243; xs_spacing=&#8221;30&#8243;][vc_row_inner][vc_column_inner width=&#8221;1\/3&#8243;][stm_partner style=&#8221;style_2&#8243; title=&#8221;Do\u011fu\u015f Grubu&#8221; logo=&#8221;7576&#8243; img_size=&#8221;medium&#8221;][\/vc_column_inner][vc_column_inner width=&#8221;1\/3&#8243;][stm_partner style=&#8221;style_2&#8243; title=&#8221;Salini \u0130mpregilo&#8221; logo=&#8221;7564&#8243; img_size=&#8221;medium&#8221;][stm_spacing lg_spacing=&#8221;50&#8243; md_spacing=&#8221;30&#8243; sm_spacing=&#8221;15&#8243;][\/vc_column_inner][vc_column_inner width=&#8221;1\/3&#8243;][stm_partner style=&#8221;style_2&#8243; title=&#8221;BM Holding&#8221; logo=&#8221;7565&#8243; img_size=&#8221;medium&#8221;][\/vc_column_inner][\/vc_row_inner][vc_row_inner][vc_column_inner width=&#8221;1\/3&#8243;][stm_partner style=&#8221;style_2&#8243; title=&#8221;Enerjisa&#8221; logo=&#8221;7566&#8243; img_size=&#8221;medium&#8221;][\/vc_column_inner][vc_column_inner width=&#8221;1\/3&#8243;][stm_partner style=&#8221;style_2&#8243; title=&#8221;Tekfen Holding&#8221; logo=&#8221;7568&#8243; img_size=&#8221;medium&#8221;][stm_spacing lg_spacing=&#8221;50&#8243; md_spacing=&#8221;30&#8243; sm_spacing=&#8221;15&#8243;][\/vc_column_inner][vc_column_inner width=&#8221;1\/3&#8243;][stm_partner style=&#8221;style_2&#8243; title=&#8221;\u00d6zdo\u011fan Group&#8221; logo=&#8221;7567&#8243; img_size=&#8221;medium&#8221;][\/vc_column_inner][\/vc_row_inner][vc_row_inner][vc_column_inner width=&#8221;1\/3&#8243;][stm_partner style=&#8221;style_2&#8243; title=&#8221;ZETA\u015e&#8221; logo=&#8221;7570&#8243; img_size=&#8221;medium&#8221;][\/vc_column_inner][vc_column_inner width=&#8221;1\/3&#8243;][stm_partner style=&#8221;style_2&#8243; title=&#8221;Y\u0131lmazlar \u0130n\u015faat&#8221; logo=&#8221;7574&#8243; img_size=&#8221;medium&#8221;][\/vc_column_inner][vc_column_inner width=&#8221;1\/3&#8243;][\/vc_column_inner][\/vc_row_inner][\/vc_column][\/vc_row]<\/p>\n","protected":false},"excerpt":{"rendered":"<p>[vc_row][vc_column][stm_spacing lg_spacing=&#8221;50&#8243; md_spacing=&#8221;50&#8243; sm_spacing=&#8221;30&#8243; xs_spacing=&#8221;30&#8243;][vc_row_inner][vc_column_inner width=&#8221;1\/3&#8243;][stm_partner style=&#8221;style_2&#8243; title=&#8221;Do\u011fu\u015f Grubu&#8221; logo=&#8221;7576&#8243; img_size=&#8221;medium&#8221;][\/vc_column_inner][vc_column_inner width=&#8221;1\/3&#8243;][stm_partner style=&#8221;style_2&#8243; title=&#8221;Salini \u0130mpregilo&#8221; logo=&#8221;7564&#8243; img_size=&#8221;medium&#8221;][stm_spacing lg_spacing=&#8221;50&#8243; md_spacing=&#8221;30&#8243; sm_spacing=&#8221;15&#8243;][\/vc_column_inner][vc_column_inner width=&#8221;1\/3&#8243;][stm_partner style=&#8221;style_2&#8243; title=&#8221;BM Holding&#8221; logo=&#8221;7565&#8243; img_size=&#8221;medium&#8221;][\/vc_column_inner][\/vc_row_inner][vc_row_inner][vc_column_inner width=&#8221;1\/3&#8243;][stm_partner style=&#8221;style_2&#8243; title=&#8221;Enerjisa&#8221; logo=&#8221;7566&#8243; img_size=&#8221;medium&#8221;][\/vc_column_inner][vc_column_inner width=&#8221;1\/3&#8243;][stm_partner style=&#8221;style_2&#8243; title=&#8221;Tekfen Holding&#8221; logo=&#8221;7568&#8243; img_size=&#8221;medium&#8221;][stm_spacing lg_spacing=&#8221;50&#8243; md_spacing=&#8221;30&#8243; sm_spacing=&#8221;15&#8243;][\/vc_column_inner][vc_column_inner width=&#8221;1\/3&#8243;][stm_partner style=&#8221;style_2&#8243; title=&#8221;\u00d6zdo\u011fan Group&#8221; logo=&#8221;7567&#8243; img_size=&#8221;medium&#8221;][\/vc_column_inner][\/vc_row_inner][vc_row_inner][vc_column_inner width=&#8221;1\/3&#8243;][stm_partner style=&#8221;style_2&#8243; title=&#8221;ZETA\u015e&#8221; logo=&#8221;7570&#8243; img_size=&#8221;medium&#8221;][\/vc_column_inner][vc_column_inner width=&#8221;1\/3&#8243;][stm_partner style=&#8221;style_2&#8243; title=&#8221;Y\u0131lmazlar \u0130n\u015faat&#8221;<\/p>\n","protected":false},"author":1,"featured_media":0,"parent":0,"menu_order":0,"comment_status":"closed","ping_status":"closed","template":"","meta":{"om_disable_all_campaigns":false,"footnotes":""},"class_list":["post-6933","page","type-page","status-publish","hentry"],"aioseo_notices":[],"_links":{"self":[{"href":"https:\/\/www.atamancatering.com\/index.php\/wp-json\/wp\/v2\/pages\/6933","targetHints":{"allow":["GET"]}}],"collection":[{"href":"https:\/\/www.atamancatering.com\/index.php\/wp-json\/wp\/v2\/pages"}],"about":[{"href":"https:\/\/www.atamancatering.com\/index.php\/wp-json\/wp\/v2\/types\/page"}],"author":[{"embeddable":true,"href":"https:\/\/www.atamancatering.com\/index.php\/wp-json\/wp\/v2\/users\/1"}],"replies":[{"embeddable":true,"href":"https:\/\/www.atamancatering.com\/index.php\/wp-json\/wp\/v2\/comments?post=6933"}],"version-history":[{"count":14,"href":"https:\/\/www.atamancatering.com\/index.php\/wp-json\/wp\/v2\/pages\/6933\/revisions"}],"predecessor-version":[{"id":7586,"href":"https:\/\/www.atamancatering.com\/index.php\/wp-json\/wp\/v2\/pages\/6933\/revisions\/7586"}],"wp:attachment":[{"href":"https:\/\/www.atamancatering.com\/index.php\/wp-json\/wp\/v2\/media?parent=6933"}],"curies":[{"name":"wp","href":"https:\/\/api.w.org\/{rel}","templated":true}]}}