{"id":7238,"date":"2021-09-19T19:12:13","date_gmt":"2021-09-19T16:12:13","guid":{"rendered":"http:\/\/atamancatering.com\/?page_id=7238"},"modified":"2021-09-25T23:15:36","modified_gmt":"2021-09-25T20:15:36","slug":"telif-al","status":"publish","type":"page","link":"https:\/\/www.atamancatering.com\/index.php\/telif-al\/","title":{"rendered":"Teklif Al"},"content":{"rendered":"<p>[vc_row][vc_column width=&#8221;1\/2&#8243;][stm_spacing lg_spacing=&#8221;50&#8243; md_spacing=&#8221;50&#8243; sm_spacing=&#8221;30&#8243; xs_spacing=&#8221;30&#8243;][vc_single_image image=&#8221;7240&#8243; img_size=&#8221;large&#8221;][vc_custom_heading text=&#8221;Teklif Almak i\u00e7in Bizimle \u0130leti\u015fime Ge\u00e7in&#8221; google_fonts=&#8221;font_family:Poppins%3A300%2Cregular%2C500%2C600%2C700|font_style:400%20regular%3A400%3Anormal&#8221;][vc_column_text]M\u00fc\u015fterilerimize g\u00fczel bir hizmet olu\u015fturmak ad\u0131na bizimle bu yola \u00e7\u0131kt\u0131\u011f\u0131n\u0131z ve i\u015fbirli\u011finiz i\u00e7in \u00e7ok te\u015fekk\u00fcr ederiz. \u0130\u015fyerleri, fabrikalar, okullar, \u015fantiyeler ve kamplarda ki personel i\u00e7in gerekli her yerde s\u00f6zle\u015fme baz\u0131nda toplu yemek hizmetlerini en iyi \u015fekilde sunar\u0131z. T\u00fcm mutfak faaliyetlerinde t\u00fcm y\u00fck\u00fcml\u00fc\u011f\u00fc \u00fczerine al\u0131r, mutfak giderlerinin b\u00fct\u00e7elenmesi, personel al\u0131m\u0131 ve e\u011fitimine ve donan\u0131m\u0131na g\u0131da malzemelerinin se\u00e7imine yemeklerin haz\u0131rlanmas\u0131na g\u00fcnl\u00fck kalite ve temizlik standartlar\u0131na ve kontrol\u00fcne kadar takip eder. Uygular\u0131z\u2026.[\/vc_column_text][\/vc_column][vc_column width=&#8221;1\/2&#8243;][stm_spacing lg_spacing=&#8221;50&#8243; md_spacing=&#8221;50&#8243; sm_spacing=&#8221;30&#8243; xs_spacing=&#8221;30&#8243;]\n<div class=\"wpcf7 no-js\" id=\"wpcf7-f7061-o1\" lang=\"tr-TR\" dir=\"ltr\" data-wpcf7-id=\"7061\">\n<div class=\"screen-reader-response\"><p role=\"status\" aria-live=\"polite\" aria-atomic=\"true\"><\/p> <ul><\/ul><\/div>\n<form action=\"\/index.php\/wp-json\/wp\/v2\/pages\/7238#wpcf7-f7061-o1\" method=\"post\" class=\"wpcf7-form init\" aria-label=\"Contact form\" novalidate=\"novalidate\" data-status=\"init\">\n<div style=\"display: none;\">\n<input type=\"hidden\" name=\"_wpcf7\" value=\"7061\" \/>\n<input type=\"hidden\" name=\"_wpcf7_version\" value=\"6.0.3\" \/>\n<input type=\"hidden\" name=\"_wpcf7_locale\" value=\"tr_TR\" \/>\n<input type=\"hidden\" name=\"_wpcf7_unit_tag\" value=\"wpcf7-f7061-o1\" \/>\n<input type=\"hidden\" name=\"_wpcf7_container_post\" value=\"0\" \/>\n<input type=\"hidden\" name=\"_wpcf7_posted_data_hash\" value=\"\" \/>\n<input type=\"hidden\" name=\"_wpcf7_recaptcha_response\" value=\"\" \/>\n<\/div>\n<div class=\"request_callback\">\n\t<div class=\"sub_title\">\n\t\t<p>Teklif almak i\u00e7in ileti\u015fime ge\u00e7in\n\t\t<\/p>\n\t<\/div>\n\t<h3 class=\"no_stripe\">Bilgilerinizi Doldurun\n\t<\/h3>\n\t<div class=\"row\">\n\t\t<div class=\"col-lg-6 col-md-6 col-sm-6 col-xs-12\">\n\t\t\t<div class=\"input-group\">\n\t\t\t\t<p><span class=\"wpcf7-form-control-wrap\" data-name=\"your-name\"><input size=\"40\" maxlength=\"400\" class=\"wpcf7-form-control wpcf7-text wpcf7-validates-as-required\" aria-required=\"true\" aria-invalid=\"false\" placeholder=\"Ad\u0131n\u0131z\" value=\"\" type=\"text\" name=\"your-name\" \/><\/span>\n\t\t\t\t<\/p>\n\t\t\t<\/div>\n\t\t<\/div>\n\t\t<div class=\"col-lg-6 col-md-6 col-sm-6 col-xs-12\">\n\t\t\t<div class=\"input-group\">\n\t\t\t\t<p><span class=\"wpcf7-form-control-wrap\" data-name=\"your-email\"><input size=\"40\" maxlength=\"400\" class=\"wpcf7-form-control wpcf7-email wpcf7-validates-as-required wpcf7-text wpcf7-validates-as-email\" aria-required=\"true\" aria-invalid=\"false\" placeholder=\"E-posta Adresiniz\" value=\"\" type=\"email\" name=\"your-email\" \/><\/span>\n\t\t\t\t<\/p>\n\t\t\t<\/div>\n\t\t<\/div>\n\t\t<div class=\"col-lg-6 col-md-6 col-sm-6 col-xs-12\">\n\t\t\t<div class=\"input-group\">\n\t\t\t\t<p><span class=\"wpcf7-form-control-wrap\" data-name=\"your-company\"><input size=\"40\" maxlength=\"400\" class=\"wpcf7-form-control wpcf7-text\" aria-invalid=\"false\" placeholder=\"Firma Ad\u0131\" value=\"\" type=\"text\" name=\"your-company\" \/><\/span>\n\t\t\t\t<\/p>\n\t\t\t<\/div>\n\t\t<\/div>\n\t\t<div class=\"col-lg-6 col-md-6 col-sm-6 col-xs-12\">\n\t\t\t<div class=\"input-group\">\n\t\t\t\t<p><span class=\"wpcf7-form-control-wrap\" data-name=\"your-company-phone\"><input size=\"40\" maxlength=\"400\" class=\"wpcf7-form-control wpcf7-tel wpcf7-text wpcf7-validates-as-tel\" aria-invalid=\"false\" placeholder=\"Firma Telefonu\" value=\"\" type=\"tel\" name=\"your-company-phone\" \/><\/span>\n\t\t\t\t<\/p>\n\t\t\t<\/div>\n\t\t<\/div>\n\t\t<div class=\"col-lg-6 col-md-6 col-sm-6 col-xs-12\">\n\t\t\t<div class=\"input-group\">\n\t\t\t\t<p><span class=\"wpcf7-form-control-wrap\" data-name=\"your-personel\"><input class=\"wpcf7-form-control wpcf7-number wpcf7-validates-as-number\" aria-invalid=\"false\" placeholder=\"Personel Say\u0131s\u0131\" value=\"\" type=\"number\" name=\"your-personel\" \/><\/span>\n\t\t\t\t<\/p>\n\t\t\t<\/div>\n\t\t<\/div>\n\t\t<div class=\"col-lg-6 col-md-6 col-sm-6 col-xs-12\">\n\t\t\t<div class=\"input-group\">\n\t\t\t\t<p><span class=\"wpcf7-form-control-wrap\" data-name=\"your-food\"><input size=\"40\" maxlength=\"400\" class=\"wpcf7-form-control wpcf7-text\" aria-invalid=\"false\" placeholder=\"\u0130stenilen Yemek \u00d6\u011f\u00fcnleri\" value=\"\" type=\"text\" name=\"your-food\" \/><\/span>\n\t\t\t\t<\/p>\n\t\t\t<\/div>\n\t\t<\/div>\n\t\t<div class=\"col-lg-6 col-md-6 col-sm-6 col-xs-12\">\n\t\t\t<div class=\"input-group\">\n\t\t\t\t<p><span class=\"wpcf7-form-control-wrap\" data-name=\"your-food-count\"><input size=\"40\" maxlength=\"400\" class=\"wpcf7-form-control wpcf7-text\" aria-invalid=\"false\" placeholder=\"Yemek \u00c7e\u015fidi Say\u0131s\u0131\" value=\"\" type=\"text\" name=\"your-food-count\" \/><\/span>\n\t\t\t\t<\/p>\n\t\t\t<\/div>\n\t\t<\/div>\n\t\t<div class=\"col-lg-6 col-md-6 col-sm-12 col-xs-12\">\n\t\t\t<div class=\"input-group\">\n\t\t\t\t<p><span class=\"wpcf7-form-control-wrap\" data-name=\"your-project\"><input size=\"40\" maxlength=\"400\" class=\"wpcf7-form-control wpcf7-text\" aria-invalid=\"false\" placeholder=\"Proje Ad\u0131\" value=\"\" type=\"text\" name=\"your-project\" \/><\/span>\n\t\t\t\t<\/p>\n\t\t\t<\/div>\n\t\t<\/div>\n\t\t<div class=\"col-lg-12 col-md-12 col-sm-12 col-xs-12\">\n\t\t\t<div class=\"input-group\">\n\t\t\t\t<p><span class=\"wpcf7-form-control-wrap\" data-name=\"your-message\"><textarea cols=\"40\" rows=\"10\" maxlength=\"2000\" class=\"wpcf7-form-control wpcf7-textarea\" aria-invalid=\"false\" placeholder=\"Mesaj\u0131n\u0131z\" name=\"your-message\"><\/textarea><\/span>\n\t\t\t\t<\/p>\n\t\t\t<\/div>\n\t\t<\/div>\n\t\t<div class=\"col-lg-3 col-md-3 col-sm-3 col-xs-6\">\n\t\t\t<p><input type=\"hidden\" name=\"_wpcf7_captcha_challenge_captcha-170\" value=\"2294465408\" \/><img decoding=\"async\" class=\"wpcf7-form-control wpcf7-captchac wpcf7-captcha-captcha-170\" width=\"72\" height=\"24\" alt=\"captcha\" src=\"https:\/\/www.atamancatering.com\/wp-content\/uploads\/wpcf7_captcha\/2294465408.png\" \/>\n\t\t\t<\/p>\n\t\t<\/div>\n\t\t<div class=\"col-lg-3 col-md-3 col-sm-3 col-xs-6\">\n\t\t\t<p><span class=\"wpcf7-form-control-wrap\" data-name=\"captcha-170\"><input size=\"4\" maxlength=\"4\" class=\"wpcf7-form-control wpcf7-captchar\" autocomplete=\"off\" aria-invalid=\"false\" value=\"\" type=\"text\" name=\"captcha-170\" \/><\/span>\n\t\t\t<\/p>\n\t\t<\/div>\n\t\t<div class=\"col-lg-3 col-md-3 col-sm-3 col-xs-12\">\n\t\t\t<div class=\"input-group\">\n\t\t\t\t<p><button type=\"submit\" class=\"button size-lg icon_right\">G\u00f6nder <i class=\"vc_btn3-icon \n                     stm-right-arrow\"><\/i><\/button>\n\t\t\t\t<\/p>\n\t\t\t<\/div>\n\t\t<\/div>\n\t<\/div>\n<\/div><div class=\"wpcf7-response-output\" aria-hidden=\"true\"><\/div>\n<\/form>\n<\/div>\n[\/vc_column][vc_column][\/vc_column][vc_column][\/vc_column][vc_column][\/vc_column][\/vc_row]<\/p>\n","protected":false},"excerpt":{"rendered":"<p>[vc_row][vc_column width=&#8221;1\/2&#8243;][stm_spacing lg_spacing=&#8221;50&#8243; md_spacing=&#8221;50&#8243; sm_spacing=&#8221;30&#8243; xs_spacing=&#8221;30&#8243;][vc_single_image image=&#8221;7240&#8243; img_size=&#8221;large&#8221;][vc_custom_heading text=&#8221;Teklif Almak i\u00e7in Bizimle \u0130leti\u015fime Ge\u00e7in&#8221; google_fonts=&#8221;font_family:Poppins%3A300%2Cregular%2C500%2C600%2C700|font_style:400%20regular%3A400%3Anormal&#8221;][vc_column_text]M\u00fc\u015fterilerimize g\u00fczel bir hizmet olu\u015fturmak ad\u0131na bizimle bu yola \u00e7\u0131kt\u0131\u011f\u0131n\u0131z ve i\u015fbirli\u011finiz i\u00e7in \u00e7ok te\u015fekk\u00fcr ederiz. \u0130\u015fyerleri, fabrikalar, okullar, \u015fantiyeler ve kamplarda ki personel i\u00e7in gerekli her yerde s\u00f6zle\u015fme baz\u0131nda toplu yemek hizmetlerini en iyi \u015fekilde sunar\u0131z. T\u00fcm mutfak faaliyetlerinde t\u00fcm<\/p>\n","protected":false},"author":1,"featured_media":0,"parent":0,"menu_order":0,"comment_status":"closed","ping_status":"closed","template":"","meta":{"om_disable_all_campaigns":false,"footnotes":""},"class_list":["post-7238","page","type-page","status-publish","hentry"],"aioseo_notices":[],"_links":{"self":[{"href":"https:\/\/www.atamancatering.com\/index.php\/wp-json\/wp\/v2\/pages\/7238","targetHints":{"allow":["GET"]}}],"collection":[{"href":"https:\/\/www.atamancatering.com\/index.php\/wp-json\/wp\/v2\/pages"}],"about":[{"href":"https:\/\/www.atamancatering.com\/index.php\/wp-json\/wp\/v2\/types\/page"}],"author":[{"embeddable":true,"href":"https:\/\/www.atamancatering.com\/index.php\/wp-json\/wp\/v2\/users\/1"}],"replies":[{"embeddable":true,"href":"https:\/\/www.atamancatering.com\/index.php\/wp-json\/wp\/v2\/comments?post=7238"}],"version-history":[{"count":6,"href":"https:\/\/www.atamancatering.com\/index.php\/wp-json\/wp\/v2\/pages\/7238\/revisions"}],"predecessor-version":[{"id":7247,"href":"https:\/\/www.atamancatering.com\/index.php\/wp-json\/wp\/v2\/pages\/7238\/revisions\/7247"}],"wp:attachment":[{"href":"https:\/\/www.atamancatering.com\/index.php\/wp-json\/wp\/v2\/media?parent=7238"}],"curies":[{"name":"wp","href":"https:\/\/api.w.org\/{rel}","templated":true}]}}